{"id":12,"date":"2022-09-15T03:50:22","date_gmt":"2022-09-15T06:50:22","guid":{"rendered":"https:\/\/florianopolis.wordcamp.org\/2022\/organizers\/"},"modified":"2022-12-05T10:57:02","modified_gmt":"2022-12-05T13:57:02","slug":"organizadores","status":"publish","type":"page","link":"https:\/\/floripa.wordcamp.org\/2022\/organizadores\/","title":{"rendered":"Organizadores"},"content":{"rendered":"\n<div class=\"wp-block-group container\"><div class=\"wp-block-group__inner-container is-layout-constrained wp-block-group-is-layout-constrained\">\n<div class=\"wp-block-columns are-vertically-aligned-center mx-auto is-layout-flex wp-container-core-columns-is-layout-8f761849 wp-block-columns-is-layout-flex\">\n<div class=\"wp-block-column is-vertically-aligned-center is-layout-flow wp-block-column-is-layout-flow\" style=\"flex-basis:60%\">\n<h2 class=\"wp-block-heading\"><span style=\"color: #600283\">Organizadores<\/span><br>do WordCamp<br>mais querido<span style=\"color: #600283\"> \ud83d\ude42<\/span><\/h2>\n\n\n\n<p class=\"wp-block-paragraph\">Conhe\u00e7a a turma super animada <br>e engajada que faz o WordCamp <br>Floripa funcionar.<\/p>\n<\/div>\n\n\n\n<div class=\"wp-block-column is-vertically-aligned-center is-layout-flow wp-block-column-is-layout-flow\" style=\"flex-basis:20%\">\n<figure class=\"wp-block-image size-full\"><img decoding=\"async\" src=\"https:\/\/floripa.wordcamp.org\/2021\/files\/2021\/06\/home-de-oculos-sorrindo.png\" alt=\"Homem de \u00f3culos sorrindo\" class=\"wp-image-697\" \/><\/figure>\n<\/div>\n<\/div>\n<\/div><\/div>\n\n\n\n<section class=\"wp-block-group has-white-color has-text-color has-background\" style=\"background:linear-gradient(135deg,rgb(156,20,204) 0%,rgb(155,81,224) 100%)\"><div class=\"wp-block-group__inner-container is-layout-constrained wp-block-group-is-layout-constrained\">\n<div class=\"wp-block-group container mx-auto\"><div class=\"wp-block-group__inner-container is-layout-constrained wp-block-group-is-layout-constrained\"><ul class=\"wordcamp-block wordcamp-post-list has-layout-grid wordcamp-organizers has-grid-columns-3\"><li class=\"wordcamp-post-list__post wordcamp-clearfix\">\n<div class=\"wordcamp-organizer wordcamp-organizers__post slug-clayton-ferreira\">\n\t<h3 class=\"wordcamp-block__item-title wordcamp-organizers__title\" style=\"text-align:center\">Clayton Ferreira<\/h3>\n\t\t\t<div class=\"wordcamp-image__avatar-container align-center\">\n\t\t\t<img decoding=\"async\" src=\"https:\/\/secure.gravatar.com\/avatar\/701e95930f23360efb3bd4f0fc4389fd8747fe2bcd4c5971ed32da68413cf4a5?s=150&amp;d=mm&amp;r=g\" alt=\"Avatar de Clayton Ferreira\" \/>\t\t<\/div>\n\t\n\t\t\t<div class=\"wordcamp-block__item-content wordcamp-organizers__content is-full\"><p class=\"wp-block-paragraph\">Gestor de marketing e especialista em tr\u00e1fego, entusiasta de WordPress desde 2013<\/p>\n<\/div>\t<\/div>\n\n<\/li><li class=\"wordcamp-post-list__post wordcamp-clearfix\">\n<div class=\"wordcamp-organizer wordcamp-organizers__post slug-felipe-figueiredo\">\n\t<h3 class=\"wordcamp-block__item-title wordcamp-organizers__title\" style=\"text-align:center\">Felipe Figueiredo<\/h3>\n\t\t\t<div class=\"wordcamp-image__avatar-container align-center\">\n\t\t\t<img loading=\"lazy\" decoding=\"async\" width=\"150\" height=\"150\" src=\"https:\/\/floripa.wordcamp.org\/2022\/files\/2022\/10\/torres_1-150x150.jpg\" class=\"attachment-150x150 size-150x150 wp-post-image\" alt=\"Avatar de Felipe Figueiredo\" \/>\t\t<\/div>\n\t\n\t\t\t<div class=\"wordcamp-block__item-content wordcamp-organizers__content is-full\"><p class=\"wp-block-paragraph\">Front-end developer, since 2006 using wordpress to create awesome websites and blogs. \ud83d\ude00<\/p>\n<\/div>\t<\/div>\n\n<\/li><li class=\"wordcamp-post-list__post wordcamp-clearfix\">\n<div class=\"wordcamp-organizer wordcamp-organizers__post slug-frederico-marques-de-carvalho\">\n\t<h3 class=\"wordcamp-block__item-title wordcamp-organizers__title\" style=\"text-align:center\">Frederico Marques de Carvalho<\/h3>\n\t\t\t<div class=\"wordcamp-image__avatar-container align-center\">\n\t\t\t<img loading=\"lazy\" decoding=\"async\" width=\"150\" height=\"150\" src=\"https:\/\/floripa.wordcamp.org\/2022\/files\/2022\/12\/fred-150x150.png\" class=\"attachment-150x150 size-150x150 wp-post-image\" alt=\"Avatar de Frederico Marques de Carvalho\" srcset=\"https:\/\/floripa.wordcamp.org\/2022\/files\/2022\/12\/fred-150x150.png 150w, https:\/\/floripa.wordcamp.org\/2022\/files\/2022\/12\/fred-300x300.png 300w, https:\/\/floripa.wordcamp.org\/2022\/files\/2022\/12\/fred-302x300.png 302w, https:\/\/floripa.wordcamp.org\/2022\/files\/2022\/12\/fred.png 401w\" sizes=\"auto, (max-width: 150px) 100vw, 150px\" \/>\t\t<\/div>\n\t\n\t\t\t<div class=\"wordcamp-block__item-content wordcamp-organizers__content is-full\"><p class=\"wp-block-paragraph\">Jornalista e designer. \u00c9 mestre em jornalismo e pesquisador de novas tecnologias aplicadas \u00e0 comunica\u00e7\u00e3o, com \u00eanfase em estudos focados na usabilidade e experi\u00eancia do usu\u00e1rio.<\/p>\n<\/div>\t<\/div>\n\n<\/li><li class=\"wordcamp-post-list__post wordcamp-clearfix\">\n<div class=\"wordcamp-organizer wordcamp-organizers__post slug-james-mota-esteves\">\n\t<h3 class=\"wordcamp-block__item-title wordcamp-organizers__title\" style=\"text-align:center\">James Mota Esteves<\/h3>\n\t\t\t<div class=\"wordcamp-image__avatar-container align-center\">\n\t\t\t<img decoding=\"async\" src=\"https:\/\/secure.gravatar.com\/avatar\/bfd310e27eaa8582a3de9ae733d4e6e64aa666612404db9b896795781bcabc3c?s=150&amp;d=mm&amp;r=g\" alt=\"Avatar de James Mota Esteves\" \/>\t\t<\/div>\n\t\n\t\t\t<div class=\"wordcamp-block__item-content wordcamp-organizers__content is-full\"><p class=\"wp-block-paragraph\">Webdesigner e administrador de websites WordPress\u00a0e\u00a0SaaS<\/p>\n<\/div>\t<\/div>\n\n<\/li><li class=\"wordcamp-post-list__post wordcamp-clearfix\">\n<div class=\"wordcamp-organizer wordcamp-organizers__post slug-lucas-adiers-stefanello\">\n\t<h3 class=\"wordcamp-block__item-title wordcamp-organizers__title\" style=\"text-align:center\">Lucas Adiers Stefanello<\/h3>\n\t\t\t<div class=\"wordcamp-image__avatar-container align-center\">\n\t\t\t<img loading=\"lazy\" decoding=\"async\" width=\"150\" height=\"150\" src=\"https:\/\/floripa.wordcamp.org\/2022\/files\/2022\/12\/lucaswcfloripa-150x150.png\" class=\"attachment-150x150 size-150x150 wp-post-image\" alt=\"Avatar de Lucas Adiers Stefanello\" srcset=\"https:\/\/floripa.wordcamp.org\/2022\/files\/2022\/12\/lucaswcfloripa-150x150.png 150w, https:\/\/floripa.wordcamp.org\/2022\/files\/2022\/12\/lucaswcfloripa-300x300.png 300w, https:\/\/floripa.wordcamp.org\/2022\/files\/2022\/12\/lucaswcfloripa.png 500w\" sizes=\"auto, (max-width: 150px) 100vw, 150px\" \/>\t\t<\/div>\n\t\n\t\t\t<div class=\"wordcamp-block__item-content wordcamp-organizers__content is-full\"><p class=\"wp-block-paragraph\">Coordenador da comunidade\u00a0<a rel=\"noreferrer noopener\" href=\"https:\/\/wpfloripa.com.br\/\" target=\"_blank\">WordPress Floripa<\/a>. Apaixonado por tecnologia e comunica\u00e7\u00e3o \u00e9 empreendedor e mentor WordPress desde suas primeiras vers\u00f5es em 2005. <\/p>\n<\/div>\t<\/div>\n\n<\/li><li class=\"wordcamp-post-list__post wordcamp-clearfix\">\n<div class=\"wordcamp-organizer wordcamp-organizers__post slug-samuel-adiers-stefanello\">\n\t<h3 class=\"wordcamp-block__item-title wordcamp-organizers__title\" style=\"text-align:center\">Samuel Adiers Stefanello<\/h3>\n\t\t\t<div class=\"wordcamp-image__avatar-container align-center\">\n\t\t\t<img decoding=\"async\" src=\"https:\/\/secure.gravatar.com\/avatar\/d97523c668205c6b61d7a39348d8ca1aa32f9e5ba512144de74b229c7f041ffa?s=150&amp;d=mm&amp;r=g\" alt=\"Avatar de Samuel Adiers Stefanello\" \/>\t\t<\/div>\n\t\n\t\t\t<div class=\"wordcamp-block__item-content wordcamp-organizers__content is-full\"><p class=\"wp-block-paragraph\">Coordenador dos WordCamps Floripa 2018, 2019, 2021 e 2022<\/p>\n<\/div>\t<\/div>\n\n<\/li><\/ul><\/div><\/div>\n<\/div><\/section>\n","protected":false},"excerpt":{"rendered":"<p>Organizadoresdo WordCampmais querido \ud83d\ude42 Conhe\u00e7a a turma super animada e engajada que faz o WordCamp Floripa funcionar.<\/p>\n","protected":false},"author":13201568,"featured_media":0,"parent":0,"menu_order":0,"comment_status":"closed","ping_status":"closed","template":"templates\/page-full-width.php","meta":{"_crdt_document":"","jetpack_post_was_ever_published":false,"footnotes":""},"class_list":["post-12","page","type-page","status-publish","hentry"],"jetpack_sharing_enabled":true,"_links":{"self":[{"href":"https:\/\/floripa.wordcamp.org\/2022\/wp-json\/wp\/v2\/pages\/12","targetHints":{"allow":["GET"]}}],"collection":[{"href":"https:\/\/floripa.wordcamp.org\/2022\/wp-json\/wp\/v2\/pages"}],"about":[{"href":"https:\/\/floripa.wordcamp.org\/2022\/wp-json\/wp\/v2\/types\/page"}],"author":[{"embeddable":true,"href":"https:\/\/floripa.wordcamp.org\/2022\/wp-json\/wp\/v2\/users\/13201568"}],"replies":[{"embeddable":true,"href":"https:\/\/floripa.wordcamp.org\/2022\/wp-json\/wp\/v2\/comments?post=12"}],"version-history":[{"count":17,"href":"https:\/\/floripa.wordcamp.org\/2022\/wp-json\/wp\/v2\/pages\/12\/revisions"}],"predecessor-version":[{"id":682,"href":"https:\/\/floripa.wordcamp.org\/2022\/wp-json\/wp\/v2\/pages\/12\/revisions\/682"}],"wp:attachment":[{"href":"https:\/\/floripa.wordcamp.org\/2022\/wp-json\/wp\/v2\/media?parent=12"}],"curies":[{"name":"wp","href":"https:\/\/api.w.org\/{rel}","templated":true}]}}