{"id":354,"date":"2018-02-22T18:16:31","date_gmt":"2018-02-22T18:16:31","guid":{"rendered":"https:\/\/2018.floripa.wordcamp.org\/?page_id=354"},"modified":"2018-04-04T10:12:49","modified_gmt":"2018-04-04T13:12:49","slug":"sobre","status":"publish","type":"page","link":"https:\/\/floripa.wordcamp.org\/2018\/sobre\/","title":{"rendered":"Sobre o WordCamp Floripa 2018"},"content":{"rendered":"<p>O WordCamp Floripa 2018 \u00e9 o maior encontro da comunidade WordPress de Santa Catarina que ser\u00e1 realizado no dia 7 de abril no SENAC Florian\u00f3polis. O evento come\u00e7a \u00e0s 9h e visa promover um s\u00e1bado intenso para compartilhamento de conhecimento e troca de experi\u00eancias sobre o universo do WordPress. <\/p>\n<p>Promovido pelos volunt\u00e1rios que organizam os encontros recorrentes chamados Meetups sobre o WordPress, o WordCamp Floripa n\u00e3o tem fins lucrativos e \u00e9 feito pela comunidade e para a comunidade WordPress de Santa Catarina. Ao todos forma realizados 17 Meetups at\u00e9 a realiza\u00e7\u00e3o do evento maior WordCamp. A cada Meetup novos membros incorporavam parte da equipe e a cada encontro os participantes organizavam uma programa\u00e7\u00e3o diferente para engajar gente nova, com experi\u00eancias diversas e complexidades que abrangiam todos os n\u00edveis de usu\u00e1rios do WordPress. Desde 2016 realizando os Meetups possibilitou o engajamento de um time com pontes para outras cidades de Santa Catarina. Cidades como Blumenau e Joinville come\u00e7aram a engajar as suas comunidades locais e na metade de 2017 come\u00e7amos a trocar ideias maiores e participar dos encontros um dos outros. O in\u00edcio de 2018, e com 2 anos de Meetup, o resultado de todo esse movimento em torno do WordPress \u00e9 a realiza\u00e7\u00e3o pela primeira vez em Santa Catarina do WordCamp Floripa 2018.<\/p>\n","protected":false},"excerpt":{"rendered":"<p>O WordCamp Floripa 2018 \u00e9 o maior encontro da comunidade WordPress de Santa Catarina que ser\u00e1 realizado no dia 7 de abril no SENAC Florian\u00f3polis. O evento come\u00e7a \u00e0s 9h e visa promover um s\u00e1bado intenso para compartilhamento de conhecimento e troca de experi\u00eancias sobre o universo do WordPress. Promovido pelos volunt\u00e1rios que organizam os [&hellip;]<\/p>\n","protected":false},"author":14623322,"featured_media":0,"parent":0,"menu_order":0,"comment_status":"closed","ping_status":"closed","template":"","meta":{"_crdt_document":"","jetpack_post_was_ever_published":false,"footnotes":""},"class_list":["post-354","page","type-page","status-publish","hentry"],"jetpack_sharing_enabled":true,"jetpack_shortlink":"https:\/\/wp.me\/P9ygkj-5I","_links":{"self":[{"href":"https:\/\/floripa.wordcamp.org\/2018\/wp-json\/wp\/v2\/pages\/354","targetHints":{"allow":["GET"]}}],"collection":[{"href":"https:\/\/floripa.wordcamp.org\/2018\/wp-json\/wp\/v2\/pages"}],"about":[{"href":"https:\/\/floripa.wordcamp.org\/2018\/wp-json\/wp\/v2\/types\/page"}],"author":[{"embeddable":true,"href":"https:\/\/floripa.wordcamp.org\/2018\/wp-json\/wp\/v2\/users\/14623322"}],"replies":[{"embeddable":true,"href":"https:\/\/floripa.wordcamp.org\/2018\/wp-json\/wp\/v2\/comments?post=354"}],"version-history":[{"count":4,"href":"https:\/\/floripa.wordcamp.org\/2018\/wp-json\/wp\/v2\/pages\/354\/revisions"}],"predecessor-version":[{"id":1167,"href":"https:\/\/floripa.wordcamp.org\/2018\/wp-json\/wp\/v2\/pages\/354\/revisions\/1167"}],"wp:attachment":[{"href":"https:\/\/floripa.wordcamp.org\/2018\/wp-json\/wp\/v2\/media?parent=354"}],"curies":[{"name":"wp","href":"https:\/\/api.w.org\/{rel}","templated":true}]}}