{"id":336,"date":"2018-02-22T17:23:17","date_gmt":"2018-02-22T17:23:17","guid":{"rendered":"https:\/\/2018.floripa.wordcamp.org\/?page_id=336"},"modified":"2018-02-28T09:28:46","modified_gmt":"2018-02-28T12:28:46","slug":"perguntas-frequentes","status":"publish","type":"page","link":"https:\/\/floripa.wordcamp.org\/2018\/perguntas-frequentes\/","title":{"rendered":"Perguntas Frequentes"},"content":{"rendered":"<h3>Quando e onde ser\u00e1 o evento?<\/h3>\n<p>O maior evento com foco em WordPress de Santa Catarina ser\u00e1 realizado no dia 07 de Abril de 2018 no Audit\u00f3rio da Faculdade Senac que fica na Rua Silva Jardim, 360 &#8211; Centro, Florian\u00f3polis &#8211; SC &#8211; Brasil.<\/p>\n<h3>Para que p\u00fablico o evento \u00e9 destinado<\/h3>\n<p>O evento \u00e9 sobre o universo que envolve o WordPress, perfeito para desenvolvedores, designers, blogueiros ou simplesmente para quem deseja saber mais sobre a tecnologia, quem aprender com as palestras e trocar experi\u00eancias.<\/p>\n<h3>Como chegar?<\/h3>\n<div class=\"googlemaps\">\n\t\t\t\t<iframe loading=\"lazy\" width=\"600\" height=\"450\" frameborder=\"0\" scrolling=\"no\" marginheight=\"0\" marginwidth=\"0\"  src=\"https:\/\/www.google.com\/maps\/embed?pb=!1m18!1m12!1m3!1d3535.6671217836574!2d-48.5487528497059!3d-27.603848082750684!2m3!1f0!2f0!3f0!3m2!1i1024!2i768!4f13.1!3m3!1m2!1s0x95273831874b03cf:0x2f4fc7a82d1ccece!2sR.%20Silva%20Jardim,%20360%20-%20Centro,%20Florian\u00f3polis%20-%20SC!5e0!3m2!1spt-BR!2sbr!4v1519820909182\"><\/iframe>\n\t\t\t<\/div>\n","protected":false},"excerpt":{"rendered":"<p>Quando e onde ser\u00e1 o evento? O maior evento com foco em WordPress de Santa Catarina ser\u00e1 realizado no dia 07 de Abril de 2018 no Audit\u00f3rio da Faculdade Senac que fica na Rua Silva Jardim, 360 &#8211; Centro, Florian\u00f3polis &#8211; SC &#8211; Brasil. Para que p\u00fablico o evento \u00e9 destinado O evento \u00e9 sobre [&hellip;]<\/p>\n","protected":false},"author":14623322,"featured_media":0,"parent":0,"menu_order":0,"comment_status":"closed","ping_status":"closed","template":"","meta":{"_crdt_document":"","jetpack_post_was_ever_published":false,"footnotes":""},"class_list":["post-336","page","type-page","status-publish","hentry"],"jetpack_sharing_enabled":true,"jetpack_shortlink":"https:\/\/wp.me\/P9ygkj-5q","_links":{"self":[{"href":"https:\/\/floripa.wordcamp.org\/2018\/wp-json\/wp\/v2\/pages\/336","targetHints":{"allow":["GET"]}}],"collection":[{"href":"https:\/\/floripa.wordcamp.org\/2018\/wp-json\/wp\/v2\/pages"}],"about":[{"href":"https:\/\/floripa.wordcamp.org\/2018\/wp-json\/wp\/v2\/types\/page"}],"author":[{"embeddable":true,"href":"https:\/\/floripa.wordcamp.org\/2018\/wp-json\/wp\/v2\/users\/14623322"}],"replies":[{"embeddable":true,"href":"https:\/\/floripa.wordcamp.org\/2018\/wp-json\/wp\/v2\/comments?post=336"}],"version-history":[{"count":3,"href":"https:\/\/floripa.wordcamp.org\/2018\/wp-json\/wp\/v2\/pages\/336\/revisions"}],"predecessor-version":[{"id":473,"href":"https:\/\/floripa.wordcamp.org\/2018\/wp-json\/wp\/v2\/pages\/336\/revisions\/473"}],"wp:attachment":[{"href":"https:\/\/floripa.wordcamp.org\/2018\/wp-json\/wp\/v2\/media?parent=336"}],"curies":[{"name":"wp","href":"https:\/\/api.w.org\/{rel}","templated":true}]}}