{"id":329,"date":"2018-02-22T17:09:12","date_gmt":"2018-02-22T17:09:12","guid":{"rendered":"https:\/\/2018.floripa.wordcamp.org\/?page_id=329"},"modified":"2018-03-27T22:35:21","modified_gmt":"2018-03-28T01:35:21","slug":"guia","status":"publish","type":"page","link":"https:\/\/floripa.wordcamp.org\/2018\/guia\/","title":{"rendered":"Guia"},"content":{"rendered":"<p>Segue informa\u00e7\u00f5es de sobreviv\u00eancia para quem vem de longe e deseja participar do WordCamp Floripa 2018.<\/p>\n<p><span style=\"color: #000000\"><strong>Localiza\u00e7\u00e3o:<\/strong><\/span><br \/>\nFaculdade Senac Florian\u00f3polis na Rua Silva Jardim, 360 \u2013 Centro, Florian\u00f3polis \u2013 SC<\/p>\n<div class=\"googlemaps\">\n\t\t\t\t<iframe loading=\"lazy\" width=\"800\" height=\"600\" frameborder=\"0\" scrolling=\"no\" marginheight=\"0\" marginwidth=\"0\"  src=\"https:\/\/www.google.com\/maps\/embed?pb=!1m18!1m12!1m3!1d3535.6671217836574!2d-48.5487528497059!3d-27.603848082750684!2m3!1f0!2f0!3f0!3m2!1i1024!2i768!4f13.1!3m3!1m2!1s0x95273831874b03cf:0x2f4fc7a82d1ccece!2sR.%20Silva%20Jardim,%20360%20-%20Centro,%20Florian\u00f3polis%20-%20SC!5e0!3m2!1spt-BR!2sbr!4v1519820909182\"><\/iframe>\n\t\t\t<\/div>\n<p><strong>Estacionamentos:<br \/>\n<\/strong><br \/>\nOliveira Mauro Ramos &#8211; Rua Silva Jardim<br \/>\nSenac\u00a0 &#8211; Rua Professore Aldo C\u00e2mara da Silva, 360<br \/>\nRede Park Men Deus &#8211; Rua Menino Deus, 173<\/p>\n<p><strong>Como Chegar:<br \/>\n<\/strong><br \/>\n<strong>Do Aeroporto<\/strong><br \/>\nT\u00e1xi &#8211; Valor de aproximadamente R$ 30,00<br \/>\nUberX &#8211; Valor de aproximadamente R$ 22,00<br \/>\nUberSelect &#8211; Valor de aproximadamente R$ 25,00<\/p>\n<p><strong>Da Rodovi\u00e1ria CAT<\/strong><br \/>\nT\u00e1xi &#8211; Valor de aproximadamente R$ 11,00<br \/>\nUberX &#8211; Valor de aproximadamente R$ 7,00<br \/>\nUberSelect &#8211; Valor de aproximadamente R$ 8,00<\/p>\n<p><strong>Da Rodovi\u00e1ria Rita Maria<\/strong><br \/>\nT\u00e1xi &#8211; Valor de aproximadamente R$ 10,00<br \/>\nUberX &#8211; Valor de aproximadamente R$ 8,00<br \/>\nUberSelect &#8211; Valor de aproximadamente R$ 9,00<\/p>\n<p><strong>Onde se hospedar<\/strong><br \/>\nAirbnb (link com filtro de busca aplicado com o endere\u00e7o do evento): <a href=\"https:\/\/goo.gl\/3zMBJ5\" target=\"_blank\" rel=\"noopener\">https:\/\/goo.gl\/3zMBJ5<\/a><\/p>\n<p><strong>Links \u00dateis:<br \/>\n<\/strong><a href=\"http:\/\/www.uber.com\/\" target=\"_blank\" rel=\"nofollow noopener noreferrer\">www.uber.com<\/a><br \/>\n<a href=\"http:\/\/99app.com\/\" target=\"_blank\" rel=\"nofollow noopener noreferrer\">99app.com<\/a><br \/>\n<a href=\"http:\/\/www.trivago.com\/\" target=\"_blank\" rel=\"nofollow noopener noreferrer\">www.trivago.com<\/a><br \/>\n<a href=\"http:\/\/www.airbnb.com.br\/\" target=\"_blank\" rel=\"nofollow noopener noreferrer\">www.airbnb.com.br<\/a><br \/>\n<a href=\"http:\/\/www.ifood.com.br\/\" target=\"_blank\" rel=\"nofollow noopener noreferrer\">www.ifood.com.br<\/a><br \/>\n<a href=\"http:\/\/www.blueticket.com.br\/\" target=\"_blank\" rel=\"nofollow noopener noreferrer\">www.blueticket.com.br<\/a><br \/>\n<a href=\"http:\/\/www.guiafloripa.com.br\/\" target=\"_blank\" rel=\"nofollow noopener noreferrer\">www.guiafloripa.com.br<\/a><\/p>\n","protected":false},"excerpt":{"rendered":"<p>Segue informa\u00e7\u00f5es de sobreviv\u00eancia para quem vem de longe e deseja participar do WordCamp Floripa 2018. Localiza\u00e7\u00e3o: Faculdade Senac Florian\u00f3polis na Rua Silva Jardim, 360 \u2013 Centro, Florian\u00f3polis \u2013 SC Estacionamentos: Oliveira Mauro Ramos &#8211; Rua Silva Jardim Senac\u00a0 &#8211; Rua Professore Aldo C\u00e2mara da Silva, 360 Rede Park Men Deus &#8211; Rua Menino Deus, [&hellip;]<\/p>\n","protected":false},"author":14623322,"featured_media":0,"parent":0,"menu_order":0,"comment_status":"closed","ping_status":"closed","template":"","meta":{"_crdt_document":"","jetpack_post_was_ever_published":false,"footnotes":""},"class_list":["post-329","page","type-page","status-publish","hentry"],"jetpack_sharing_enabled":true,"jetpack_shortlink":"https:\/\/wp.me\/P9ygkj-5j","_links":{"self":[{"href":"https:\/\/floripa.wordcamp.org\/2018\/wp-json\/wp\/v2\/pages\/329","targetHints":{"allow":["GET"]}}],"collection":[{"href":"https:\/\/floripa.wordcamp.org\/2018\/wp-json\/wp\/v2\/pages"}],"about":[{"href":"https:\/\/floripa.wordcamp.org\/2018\/wp-json\/wp\/v2\/types\/page"}],"author":[{"embeddable":true,"href":"https:\/\/floripa.wordcamp.org\/2018\/wp-json\/wp\/v2\/users\/14623322"}],"replies":[{"embeddable":true,"href":"https:\/\/floripa.wordcamp.org\/2018\/wp-json\/wp\/v2\/comments?post=329"}],"version-history":[{"count":7,"href":"https:\/\/floripa.wordcamp.org\/2018\/wp-json\/wp\/v2\/pages\/329\/revisions"}],"predecessor-version":[{"id":966,"href":"https:\/\/floripa.wordcamp.org\/2018\/wp-json\/wp\/v2\/pages\/329\/revisions\/966"}],"wp:attachment":[{"href":"https:\/\/floripa.wordcamp.org\/2018\/wp-json\/wp\/v2\/media?parent=329"}],"curies":[{"name":"wp","href":"https:\/\/api.w.org\/{rel}","templated":true}]}}