{"id":11,"date":"2018-01-11T22:32:42","date_gmt":"2018-01-11T22:32:42","guid":{"rendered":"https:\/\/2018.floripa.wordcamp.org\/location\/"},"modified":"2018-03-13T02:29:03","modified_gmt":"2018-03-13T05:29:03","slug":"localizacao","status":"publish","type":"page","link":"https:\/\/floripa.wordcamp.org\/2018\/localizacao\/","title":{"rendered":"Localiza\u00e7\u00e3o"},"content":{"rendered":"<p>Faculdade Senac Florian\u00f3polis na Rua Silva Jardim, 360 &#8211; Centro, Florian\u00f3polis &#8211; SC &#8211; Brasil<\/p>\n<div class=\"googlemaps\">\n\t\t\t\t<iframe loading=\"lazy\" width=\"800\" height=\"600\" frameborder=\"0\" scrolling=\"no\" marginheight=\"0\" marginwidth=\"0\"  src=\"https:\/\/www.google.com\/maps\/embed?pb=!1m18!1m12!1m3!1d3535.6671217836574!2d-48.5487528497059!3d-27.603848082750684!2m3!1f0!2f0!3f0!3m2!1i1024!2i768!4f13.1!3m3!1m2!1s0x95273831874b03cf:0x2f4fc7a82d1ccece!2sR.%20Silva%20Jardim,%20360%20-%20Centro,%20Florian\u00f3polis%20-%20SC!5e0!3m2!1spt-BR!2sbr!4v1519820909182\"><\/iframe>\n\t\t\t<\/div>\n","protected":false},"excerpt":{"rendered":"<p>Faculdade Senac Florian\u00f3polis na Rua Silva Jardim, 360 &#8211; Centro, Florian\u00f3polis &#8211; SC &#8211; Brasil<\/p>\n","protected":false},"author":13201568,"featured_media":0,"parent":0,"menu_order":0,"comment_status":"closed","ping_status":"closed","template":"","meta":{"_crdt_document":"","jetpack_post_was_ever_published":false,"footnotes":""},"class_list":["post-11","page","type-page","status-publish","hentry"],"jetpack_sharing_enabled":true,"jetpack_shortlink":"https:\/\/wp.me\/P9ygkj-b","_links":{"self":[{"href":"https:\/\/floripa.wordcamp.org\/2018\/wp-json\/wp\/v2\/pages\/11","targetHints":{"allow":["GET"]}}],"collection":[{"href":"https:\/\/floripa.wordcamp.org\/2018\/wp-json\/wp\/v2\/pages"}],"about":[{"href":"https:\/\/floripa.wordcamp.org\/2018\/wp-json\/wp\/v2\/types\/page"}],"author":[{"embeddable":true,"href":"https:\/\/floripa.wordcamp.org\/2018\/wp-json\/wp\/v2\/users\/13201568"}],"replies":[{"embeddable":true,"href":"https:\/\/floripa.wordcamp.org\/2018\/wp-json\/wp\/v2\/comments?post=11"}],"version-history":[{"count":4,"href":"https:\/\/floripa.wordcamp.org\/2018\/wp-json\/wp\/v2\/pages\/11\/revisions"}],"predecessor-version":[{"id":613,"href":"https:\/\/floripa.wordcamp.org\/2018\/wp-json\/wp\/v2\/pages\/11\/revisions\/613"}],"wp:attachment":[{"href":"https:\/\/floripa.wordcamp.org\/2018\/wp-json\/wp\/v2\/media?parent=11"}],"curies":[{"name":"wp","href":"https:\/\/api.w.org\/{rel}","templated":true}]}}