{"id":10,"date":"2018-01-11T22:32:42","date_gmt":"2018-01-11T22:32:42","guid":{"rendered":"https:\/\/2018.floripa.wordcamp.org\/sponsors\/"},"modified":"2018-03-19T09:15:44","modified_gmt":"2018-03-19T12:15:44","slug":"patrocinadores","status":"publish","type":"page","link":"https:\/\/floripa.wordcamp.org\/2018\/patrocinadores\/","title":{"rendered":"Patrocinadores"},"content":{"rendered":"<h3>Interessado em ser um patrocinador este ano? Confira as cotas e vantagens em <a href=\"https:\/\/2018.floripa.wordcamp.org\/patrocine\/\" rel=\"nofollow\">Patrocine<\/a>.<\/h3>\n\n\t<div class=\"wcorg-sponsors\">\n\t\t\n\t\t\t<div class=\"wcorg-sponsor-level-ribeirao-da-ilha\">\n\t\t\t\t<h2>Ribeir\u00e3o da Ilha<\/h2>\n\n\t\t\t\t\n\t\t\t\t\t<div id=\"wcorg-sponsor-611\" class=\"wcorg-sponsor\">\n\t\t\t\t\t\t\t\t\t\t\t\t\t\t\t\t\t\t\t\t\t<h3>\n\t\t\t\t\t\t\t\t\tFaculdade Senac Florian\u00f3polis\t\t\t\t\t\t\t\t<\/h3>\n\t\t\t\t\t\t\t\t\t\t\t\t\t\n\t\t\t\t\t\t<div class=\"wcorg-sponsor-description\">\n\t\t\t\t\t\t\t\t\t\t\t\t\t\t\t<img loading=\"lazy\" decoding=\"async\" width=\"500\" height=\"200\" src=\"https:\/\/floripa.wordcamp.org\/2018\/files\/2018\/03\/senac.png\" class=\"attachment-wcb-sponsor-logo-horizontal-2x size-wcb-sponsor-logo-horizontal-2x wp-post-image\" alt=\"Faculdade Senac Florian\u00f3polis\" srcset=\"https:\/\/floripa.wordcamp.org\/2018\/files\/2018\/03\/senac.png 500w, https:\/\/floripa.wordcamp.org\/2018\/files\/2018\/03\/senac-300x120.png 300w\" sizes=\"auto, (max-width: 500px) 100vw, 500px\" \/>\t\t\t\t\t\t\t\n\t\t\t\t\t\t\t\t\t\t\t\t\t\t\t<p>Apoiadora e local da realiza\u00e7\u00e3o do <a href=\"https:\/\/2018.floripa.wordcamp.org\/\" target=\"_blank\" rel=\"noopener nofollow\">WordCamp Floripa 2018<\/a>.<\/p>\n<p>Investir na dissemina\u00e7\u00e3o do conhecimento \u00e9 o que o <a href=\"http:\/\/portal.sc.senac.br\/\" target=\"_blank\" rel=\"noopener nofollow\">Senac<\/a> em Santa Catarina faz. A Faculdade Senac Florian\u00f3polis oferece cursos divididos em diferentes eixos tecnol\u00f3gicos, conhecidos como \u00e1reas de atua\u00e7\u00e3o, sendo eles: desenvolvimento educacional e social; gest\u00e3o e neg\u00f3cios; turismo, hospitalidade e lazer; informa\u00e7\u00e3o e comunica\u00e7\u00e3o; produ\u00e7\u00e3o aliment\u00edcia; produ\u00e7\u00e3o cultural e design. O Senac SC \u00e9 formado por 9 Faculdades de Tecnologia, 18 Centros de Educa\u00e7\u00e3o Profissional, 1 Restaurante Escola e a Administra\u00e7\u00e3o Regional.<\/p>\n\t\t\t\t\t\t\t\t\t\t\t\t\t<\/div>\n\t\t\t\t\t<\/div><!-- #sponsor -->\n\t\t\t\t\n\t\t\t\t\t<div id=\"wcorg-sponsor-20\" class=\"wcorg-sponsor\">\n\t\t\t\t\t\t\t\t\t\t\t\t\t\t\t\t\t\t\t\t\t<h3>\n\t\t\t\t\t\t\t\t\tBoldGrid\t\t\t\t\t\t\t\t<\/h3>\n\t\t\t\t\t\t\t\t\t\t\t\t\t\n\t\t\t\t\t\t<div class=\"wcorg-sponsor-description\">\n\t\t\t\t\t\t\t\t\t\t\t\t\t\t\t<img loading=\"lazy\" decoding=\"async\" width=\"200\" height=\"28\" src=\"https:\/\/floripa.wordcamp.org\/2018\/files\/2018\/01\/boldGrid-transparent-lockup-2a.png\" class=\"attachment-wcb-sponsor-logo-horizontal-2x size-wcb-sponsor-logo-horizontal-2x wp-post-image\" alt=\"BoldGrid\" \/>\t\t\t\t\t\t\t\n\t\t\t\t\t\t\t\t\t\t\t\t\t\t\t<p>BoldGrid is a website builder powered by WordPress. It is a free set of WordPress plugins, themes, and other content that allows site creation and management similar to non-WordPress website builders. By placing WordPress more in line with DIY site builder solutions on the market, our mission is not only to make WordPress more accessible and easy for beginners to utilize, but also automate and streamline typical WordPress tasks to provide a fast, creator-friendly platform that even web professionals will appreciate.<\/p>\n<p>Experience WordPress as a website builder, including: free pre-built themes, drag and drop editing, integrated image banks, simplified photo editing, built-in staging, automated backups, and so much more.<\/p>\n<p>BoldGrid will have you creating professional looking WordPress sites in minutes!<\/p>\n<p><a href=\"http:\/\/www.boldgrid.com\" target=\"_blank\" rel=\"noopener nofollow\">www.boldgrid.com<\/a><\/p>\n\t\t\t\t\t\t\t\t\t\t\t\t\t<\/div>\n\t\t\t\t\t<\/div><!-- #sponsor -->\n\t\t\t\t\n\t\t\t\t\t<div id=\"wcorg-sponsor-22\" class=\"wcorg-sponsor\">\n\t\t\t\t\t\t\t\t\t\t\t\t\t\t\t\t\t\t\t\t\t<h3>\n\t\t\t\t\t\t\t\t\tWooCommerce\t\t\t\t\t\t\t\t<\/h3>\n\t\t\t\t\t\t\t\t\t\t\t\t\t\n\t\t\t\t\t\t<div class=\"wcorg-sponsor-description\">\n\t\t\t\t\t\t\t\t\t\t\t\t\t\t\t<img loading=\"lazy\" decoding=\"async\" width=\"432\" height=\"87\" src=\"https:\/\/floripa.wordcamp.org\/2018\/files\/2018\/01\/woocommerce_logo.png\" class=\"attachment-wcb-sponsor-logo-horizontal-2x size-wcb-sponsor-logo-horizontal-2x wp-post-image\" alt=\"WooCommerce\" srcset=\"https:\/\/floripa.wordcamp.org\/2018\/files\/2018\/01\/woocommerce_logo.png 432w, https:\/\/floripa.wordcamp.org\/2018\/files\/2018\/01\/woocommerce_logo-300x60.png 300w\" sizes=\"auto, (max-width: 432px) 100vw, 432px\" \/>\t\t\t\t\t\t\t\n\t\t\t\t\t\t\t\t\t\t\t\t\t\t\t<p>28% of all online stores are powered by WooCommerce. Built on WordPress, WooCommerce is a fully customizable, open source\u00a0eCommerce\u00a0solution.<\/p>\n<ul>\n<li><a href=\"https:\/\/wordpress.org\/plugins\/woocommerce\/stats\/\" rel=\"nofollow\">3+ million active installations<\/a><\/li>\n<li>34+ million downloads<\/li>\n<li>450+ extensions to add functionality<\/li>\n<\/ul>\n<p>Whether you\u2019re selling a few handcrafted items to a niche market, taking an existing business online, or going global with an enterprise level eCommerce business\u00a0\u2013 WooCommerce will get you set up and selling fast and\u00a0scale securely as you grow. Plus your content will be forever yours and customizable down to the finest button color.<\/p>\n<p>Developed and supported by a distributed team, WooCommerce is powered\u00a0by Automattic, the creators of WordPress.com.<\/p>\n\t\t\t\t\t\t\t\t\t\t\t\t\t<\/div>\n\t\t\t\t\t<\/div><!-- #sponsor -->\n\t\t\t\t\n\t\t\t\t\t<div id=\"wcorg-sponsor-24\" class=\"wcorg-sponsor\">\n\t\t\t\t\t\t\t\t\t\t\t\t\t\t\t\t\t\t\t\t\t<h3>\n\t\t\t\t\t\t\t\t\tJetpack\t\t\t\t\t\t\t\t<\/h3>\n\t\t\t\t\t\t\t\t\t\t\t\t\t\n\t\t\t\t\t\t<div class=\"wcorg-sponsor-description\">\n\t\t\t\t\t\t\t\t\t\t\t\t\t\t\t<img loading=\"lazy\" decoding=\"async\" width=\"545\" height=\"150\" src=\"https:\/\/floripa.wordcamp.org\/2018\/files\/2018\/01\/Jetpack_Horizontal_RGB-1.png\" class=\"attachment-wcb-sponsor-logo-horizontal-2x size-wcb-sponsor-logo-horizontal-2x wp-post-image\" alt=\"Jetpack\" srcset=\"https:\/\/floripa.wordcamp.org\/2018\/files\/2018\/01\/Jetpack_Horizontal_RGB-1.png 545w, https:\/\/floripa.wordcamp.org\/2018\/files\/2018\/01\/Jetpack_Horizontal_RGB-1-300x83.png 300w, https:\/\/floripa.wordcamp.org\/2018\/files\/2018\/01\/Jetpack_Horizontal_RGB-1-500x138.png 500w\" sizes=\"auto, (max-width: 545px) 100vw, 545px\" \/>\t\t\t\t\t\t\t\n\t\t\t\t\t\t\t\t\t\t\t\t\t\t\t<p>Transform how you work with your WordPress sites and rest easy knowing they\u2019re always firing on all cylinders. Jetpack connects your site to the global services, community, and support provided by WordPress.com so you can focus on the stuff that matters.<\/p>\n<p>Jetpack automatically shields your site from the unwanted attention of spammers, hackers, and malware, while real-time sync and backup means you don\u2019t have to worry about data loss. Straightforward traffic-building tools help you attract the attention of readers and search engines. Pages and videos are delivered at high speed from a global, ad-free content delivery network.<\/p>\n<p>With Jetpack\u2019s Affiliate program you can earn 20% for every sale of Jetpack to your customers and clients. And with unlimited referrals, the sky\u2019s the limit! Refer as many clients and contacts as you can, and get paid for every sale you generate.<\/p>\n<p>Make your site work for you. Get your Jetpack today at <a href=\"http:\/\/jetpack.com\" rel=\"nofollow\">Jetpack.com<\/a><\/p>\n\t\t\t\t\t\t\t\t\t\t\t\t\t<\/div>\n\t\t\t\t\t<\/div><!-- #sponsor -->\n\t\t\t\t\n\t\t\t\t\t<div id=\"wcorg-sponsor-26\" class=\"wcorg-sponsor\">\n\t\t\t\t\t\t\t\t\t\t\t\t\t\t\t\t\t\t\t\t\t<h3>\n\t\t\t\t\t\t\t\t\tBluehost\t\t\t\t\t\t\t\t<\/h3>\n\t\t\t\t\t\t\t\t\t\t\t\t\t\n\t\t\t\t\t\t<div class=\"wcorg-sponsor-description\">\n\t\t\t\t\t\t\t\t\t\t\t\t\t\t\t<img loading=\"lazy\" decoding=\"async\" width=\"651\" height=\"137\" src=\"https:\/\/floripa.wordcamp.org\/2018\/files\/2018\/01\/bh_logo_2015.png\" class=\"attachment-wcb-sponsor-logo-horizontal-2x size-wcb-sponsor-logo-horizontal-2x wp-post-image\" alt=\"Bluehost\" srcset=\"https:\/\/floripa.wordcamp.org\/2018\/files\/2018\/01\/bh_logo_2015.png 651w, https:\/\/floripa.wordcamp.org\/2018\/files\/2018\/01\/bh_logo_2015-300x63.png 300w, https:\/\/floripa.wordcamp.org\/2018\/files\/2018\/01\/bh_logo_2015-500x105.png 500w\" sizes=\"auto, (max-width: 651px) 100vw, 651px\" \/>\t\t\t\t\t\t\t\n\t\t\t\t\t\t\t\t\t\t\t\t\t\t\t<p><a href=\"https:\/\/www.bluehost.com\/\" rel=\"nofollow\">Bluehost<\/a> has been a WordPress partner since 2005 and powers over 1 million WordPress sites worldwide. Their objective is to help customers, whether novice or pro, create a thriving online presence at an affordable price. With a team of in-house tech experts available 24\/7, Bluehost dedicates time and resources to providing the best support and services in the industry. Join millions of other site owners and see what Bluehost can do for you and your online presence.<\/p>\n\t\t\t\t\t\t\t\t\t\t\t\t\t<\/div>\n\t\t\t\t\t<\/div><!-- #sponsor -->\n\t\t\t\t\t\t\t<\/div><!-- .wcorg-sponsor-level -->\n\t\t\n\t\t\t<div class=\"wcorg-sponsor-level-trindade\">\n\t\t\t\t<h2>Trindade<\/h2>\n\n\t\t\t\t\n\t\t\t\t\t<div id=\"wcorg-sponsor-28\" class=\"wcorg-sponsor\">\n\t\t\t\t\t\t\t\t\t\t\t\t\t\t\t\t\t\t\t\t\t<h3>\n\t\t\t\t\t\t\t\t\tGoDaddy\t\t\t\t\t\t\t\t<\/h3>\n\t\t\t\t\t\t\t\t\t\t\t\t\t\n\t\t\t\t\t\t<div class=\"wcorg-sponsor-description\">\n\t\t\t\t\t\t\t\t\t\t\t\t\t\t\t<img loading=\"lazy\" decoding=\"async\" width=\"400\" height=\"91\" src=\"https:\/\/floripa.wordcamp.org\/2018\/files\/2018\/01\/GoDaddy_Pro_RGB_Full_B2.png\" class=\"attachment-wcb-sponsor-logo-horizontal-2x size-wcb-sponsor-logo-horizontal-2x wp-post-image\" alt=\"GoDaddy\" srcset=\"https:\/\/floripa.wordcamp.org\/2018\/files\/2018\/01\/GoDaddy_Pro_RGB_Full_B2.png 400w, https:\/\/floripa.wordcamp.org\/2018\/files\/2018\/01\/GoDaddy_Pro_RGB_Full_B2-300x68.png 300w\" sizes=\"auto, (max-width: 400px) 100vw, 400px\" \/>\t\t\t\t\t\t\t\n\t\t\t\t\t\t\t\t\t\t\t\t\t\t\t<p>GoDaddy Pro offers a robust suite of free tools to web developers &amp; designers to help them save time managing all their clients and sites. With GoDaddy Pro, you can easily shop for your client, monitor their sites, and manage all their WordPress websites from one place. Exclusive time-saving tools let you update WordPress core, plugins and themes with one click, as well as automate WordPress backups, cloning and migrations. Get real-time performance, security and uptime monitoring across all your websites. Additionally, your free membership includes advanced 24\/7 technical support.<\/p>\n<p>When you pair GoDaddy Pro with GoDaddy hosting products, the benefits are even greater.<\/p>\n<p><a href=\"https:\/\/www.godaddy.com\/pro?utm_source=wcg18&amp;utm_medium=advocacy&amp;utm_campaign=en-us_pro_advocacy_base\" target=\"_blank\" rel=\"noopener nofollow\">Check out the Free Tools<\/a><\/p>\n\t\t\t\t\t\t\t\t\t\t\t\t\t<\/div>\n\t\t\t\t\t<\/div><!-- #sponsor -->\n\t\t\t\t\t\t\t<\/div><!-- .wcorg-sponsor-level -->\n\t\t\n\t\t\t<div class=\"wcorg-sponsor-level-santo-antonio-de-lisboa\">\n\t\t\t\t<h2>Santo Ant\u00f4nio de Lisboa<\/h2>\n\n\t\t\t\t\n\t\t\t\t\t<div id=\"wcorg-sponsor-30\" class=\"wcorg-sponsor\">\n\t\t\t\t\t\t\t\t\t\t\t\t\t\t\t\t\t\t\t\t\t<h3>\n\t\t\t\t\t\t\t\t\tDreamHost\t\t\t\t\t\t\t\t<\/h3>\n\t\t\t\t\t\t\t\t\t\t\t\t\t\n\t\t\t\t\t\t<div class=\"wcorg-sponsor-description\">\n\t\t\t\t\t\t\t\t\t\t\t\t\t\t\t<img loading=\"lazy\" decoding=\"async\" width=\"980\" height=\"282\" src=\"https:\/\/floripa.wordcamp.org\/2018\/files\/2018\/01\/dreamhost-e1467241131853.png\" class=\"attachment-wcb-sponsor-logo-horizontal-2x size-wcb-sponsor-logo-horizontal-2x wp-post-image\" alt=\"DreamHost\" srcset=\"https:\/\/floripa.wordcamp.org\/2018\/files\/2018\/01\/dreamhost-e1467241131853.png 980w, https:\/\/floripa.wordcamp.org\/2018\/files\/2018\/01\/dreamhost-e1467241131853-300x86.png 300w, https:\/\/floripa.wordcamp.org\/2018\/files\/2018\/01\/dreamhost-e1467241131853-768x221.png 768w, https:\/\/floripa.wordcamp.org\/2018\/files\/2018\/01\/dreamhost-e1467241131853-500x144.png 500w\" sizes=\"auto, (max-width: 980px) 100vw, 980px\" \/>\t\t\t\t\t\t\t\n\t\t\t\t\t\t\t\t\t\t\t\t\t\t\t<p>Since 1997\u00a0DreamHost has helped individuals, small businesses, entrepreneurs and\u00a0developers the world over bring their dreams to life on the Internet. From\u00a0domain registrations to traditional web hosting and highly-optimized\u00a0managed WordPress hosting, more than 400,000 customers trust DreamHost to\u00a0be their online home. DreamHost supports the WordPress project and\u00a0community with dedicated resources and a passionate team. Packed with\u00a0excellent value, DreamHost is a great place to launch a blog, website, or\u00a0online application into the stratosphere!\u00a0 Learn more at\u00a0<a href=\"http:\/\/href.li\/?http:\/\/www.DreamHost.com\" rel=\"nofollow\">www.DreamHost.com<\/a><\/p>\n\t\t\t\t\t\t\t\t\t\t\t\t\t<\/div>\n\t\t\t\t\t<\/div><!-- #sponsor -->\n\t\t\t\t\n\t\t\t\t\t<div id=\"wcorg-sponsor-1030\" class=\"wcorg-sponsor\">\n\t\t\t\t\t\t\t\t\t\t\t\t\t\t\t\t\t\t\t\t\t<h3>\n\t\t\t\t\t\t\t\t\tYoast\t\t\t\t\t\t\t\t<\/h3>\n\t\t\t\t\t\t\t\t\t\t\t\t\t\n\t\t\t\t\t\t<div class=\"wcorg-sponsor-description\">\n\t\t\t\t\t\t\t\t\t\t\t\t\t\t\t<img loading=\"lazy\" decoding=\"async\" width=\"249\" height=\"130\" src=\"https:\/\/floripa.wordcamp.org\/2018\/files\/2018\/03\/yoast-seo.jpg\" class=\"attachment-wcb-sponsor-logo-horizontal-2x size-wcb-sponsor-logo-horizontal-2x wp-post-image\" alt=\"Yoast\" \/>\t\t\t\t\t\t\t\n\t\t\t\t\t\t\t\t\t\t\t\t\t\t\t<p><a href=\"https:\/\/yoast.com\/\" target=\"_blank\" rel=\"noopener nofollow\">Yoast<\/a> helps you to get the most out of your website by making SEO available for everyone.<\/p>\n<p>You might know our Yoast SEO plugin; with over 7.8 million active installs, Yoast SEO is one of the<br \/>\nmost popular WordPress plugins worldwide.<\/p>\n\t\t\t\t\t\t\t\t\t\t\t\t\t<\/div>\n\t\t\t\t\t<\/div><!-- #sponsor -->\n\t\t\t\t\t\t\t<\/div><!-- .wcorg-sponsor-level -->\n\t\t\n\t\t\t<div class=\"wcorg-sponsor-level-ingleses\">\n\t\t\t\t<h2>Ingleses<\/h2>\n\n\t\t\t\t\n\t\t\t\t\t<div id=\"wcorg-sponsor-404\" class=\"wcorg-sponsor\">\n\t\t\t\t\t\t\t\t\t\t\t\t\t\t\t\t\t\t\t\t\t<h3>\n\t\t\t\t\t\t\t\t\tInCuca\t\t\t\t\t\t\t\t<\/h3>\n\t\t\t\t\t\t\t\t\t\t\t\t\t\n\t\t\t\t\t\t<div class=\"wcorg-sponsor-description\">\n\t\t\t\t\t\t\t\t\t\t\t\t\t\t\t<img loading=\"lazy\" decoding=\"async\" width=\"228\" height=\"90\" src=\"https:\/\/floripa.wordcamp.org\/2018\/files\/2018\/02\/logo-incuca-228x120-1-e1520920208826.jpg\" class=\"attachment-wcb-sponsor-logo-horizontal-2x size-wcb-sponsor-logo-horizontal-2x wp-post-image\" alt=\"InCuca\" \/>\t\t\t\t\t\t\t\n\t\t\t\t\t\t\t\t\t\t\t\t\t\t\t<p>Apoiadora e patrocinadora do <a href=\"https:\/\/www.meetup.com\/pt-BR\/Meetup-Wordpress-Floripa\/\" rel=\"nofollow\">Meetup WordPress Floripa<\/a>.<\/p>\n<p>A <a href=\"https:\/\/incuca.net\" target=\"_blank\" rel=\"noopener nofollow\">InCuca<\/a> \u00e9 uma empresa de solu\u00e7\u00f5es tecnol\u00f3gicas em Sistemas de Informa\u00e7\u00e3o e Comunica\u00e7\u00e3o \u2013 TICs sob medida para pessoas, empresas e projetos na Internet. Especializada no desenvolvimento de ambientes digitais de alta performance como softwares, aplicativos, lojas virtuais, websites, blogs e servidores. Projetos com design exclusivo, otimizados em SEO, com f\u00e1cil atualiza\u00e7\u00e3o de conte\u00fados e treinamentos para editores.<\/p>\n\t\t\t\t\t\t\t\t\t\t\t\t\t<\/div>\n\t\t\t\t\t<\/div><!-- #sponsor -->\n\t\t\t\t\n\t\t\t\t\t<div id=\"wcorg-sponsor-644\" class=\"wcorg-sponsor\">\n\t\t\t\t\t\t\t\t\t\t\t\t\t\t\t\t\t\t\t\t\t<h3>\n\t\t\t\t\t\t\t\t\tSpirallab\t\t\t\t\t\t\t\t<\/h3>\n\t\t\t\t\t\t\t\t\t\t\t\t\t\n\t\t\t\t\t\t<div class=\"wcorg-sponsor-description\">\n\t\t\t\t\t\t\t\t\t\t\t\t\t\t\t<img loading=\"lazy\" decoding=\"async\" width=\"228\" height=\"120\" src=\"https:\/\/floripa.wordcamp.org\/2018\/files\/2018\/03\/spirallab-logo-cor.png\" class=\"attachment-wcb-sponsor-logo-horizontal-2x size-wcb-sponsor-logo-horizontal-2x wp-post-image\" alt=\"Spirallab\" \/>\t\t\t\t\t\t\t\n\t\t\t\t\t\t\t\t\t\t\t\t\t\t\t<p>A Spirallab \u00e9 especialista em WordPress. Desde 2011 criamos sites totalmente personalizados que s\u00e3o focados em obter resultados para os nossos clientes e f\u00e1ceis de gerenciar, proporcionando assim total autonomia de atualiza\u00e7\u00e3o. Al\u00e9m disso, tamb\u00e9m realizamos consultorias e treinamentos em WordPress pra voc\u00ea ou sua equipe aprender mais como utilizar melhor o potencial da ferramenta.<\/p>\n<p>N\u00f3s acreditamos no compartilhamento do conhecimento e no modelo colaborativo do Software Livre, por isso participamos ativamente e colaboramos na organiza\u00e7\u00e3o de MeetUps e WordCamps em todo o Brasil.<\/p>\n<p>Se voc\u00ea ficou interessado em como aproveitar melhor o potencial do WordPress, entre em contato conosco para conversar mais sobre o seu projeto ou ideia atrav\u00e9s do nosso site <a href=\"http:\/\/www.spirallab.com.br\" target=\"_blank\" rel=\"noopener nofollow\">www.spirallab.com.br<\/a><\/p>\n\t\t\t\t\t\t\t\t\t\t\t\t\t<\/div>\n\t\t\t\t\t<\/div><!-- #sponsor -->\n\t\t\t\t\t\t\t<\/div><!-- .wcorg-sponsor-level -->\n\t\t\n\t\t\t<div class=\"wcorg-sponsor-level-coqueiros\">\n\t\t\t\t<h2>Coqueiros<\/h2>\n\n\t\t\t\t\n\t\t\t\t\t<div id=\"wcorg-sponsor-854\" class=\"wcorg-sponsor\">\n\t\t\t\t\t\t\t\t\t\t\t\t\t\t\t\t\t\t\t\t\t<h3>\n\t\t\t\t\t\t\t\t\tYogh\t\t\t\t\t\t\t\t<\/h3>\n\t\t\t\t\t\t\t\t\t\t\t\t\t\n\t\t\t\t\t\t<div class=\"wcorg-sponsor-description\">\n\t\t\t\t\t\t\t\t\t\t\t\t\t\t\t<img loading=\"lazy\" decoding=\"async\" width=\"500\" height=\"318\" src=\"https:\/\/floripa.wordcamp.org\/2018\/files\/2018\/03\/logo-yogh.png\" class=\"attachment-wcb-sponsor-logo-horizontal-2x size-wcb-sponsor-logo-horizontal-2x wp-post-image\" alt=\"Yogh\" srcset=\"https:\/\/floripa.wordcamp.org\/2018\/files\/2018\/03\/logo-yogh.png 500w, https:\/\/floripa.wordcamp.org\/2018\/files\/2018\/03\/logo-yogh-300x191.png 300w, https:\/\/floripa.wordcamp.org\/2018\/files\/2018\/03\/logo-yogh-472x300.png 472w\" sizes=\"auto, (max-width: 500px) 100vw, 500px\" \/>\t\t\t\t\t\t\t\n\t\t\t\t\t\t\t\t\t\t\t\t\t\t\t<p>A <a href=\"https:\/\/www.yogh.com.br\" target=\"_blank\" rel=\"noopener nofollow\">Yo<\/a><a href=\"https:\/\/www.yogh.com.br\" target=\"_blank\" rel=\"noopener nofollow\">gh<\/a> \u00e9 uma empresa catarinense, especialista em WordPress. Atuando desde 2010, conta com uma equipe de experts para atender com a cria\u00e7\u00e3o de sites, blogs, e-commerce com design exclusivo ou com tema. Tamb\u00e9m conta com os servi\u00e7os de manuten\u00e7\u00e3o, atualiza\u00e7\u00e3o, otimiza\u00e7\u00e3o de performance, manuten\u00e7\u00e3o de seguran\u00e7a e consultoria em WordPress.<\/p>\n\t\t\t\t\t\t\t\t\t\t\t\t\t<\/div>\n\t\t\t\t\t<\/div><!-- #sponsor -->\n\t\t\t\t\t\t\t<\/div><!-- .wcorg-sponsor-level -->\n\t\t\t<\/div><!-- .wcorg-sponsors -->\n\n\t\n","protected":false},"excerpt":{"rendered":"<p>Interessado em ser um patrocinador este ano? Confira as cotas e vantagens em Patrocine.<\/p>\n","protected":false},"author":13201568,"featured_media":0,"parent":0,"menu_order":0,"comment_status":"closed","ping_status":"closed","template":"","meta":{"_crdt_document":"","jetpack_post_was_ever_published":false,"footnotes":""},"class_list":["post-10","page","type-page","status-publish","hentry"],"jetpack_sharing_enabled":true,"jetpack_shortlink":"https:\/\/wp.me\/P9ygkj-a","_links":{"self":[{"href":"https:\/\/floripa.wordcamp.org\/2018\/wp-json\/wp\/v2\/pages\/10","targetHints":{"allow":["GET"]}}],"collection":[{"href":"https:\/\/floripa.wordcamp.org\/2018\/wp-json\/wp\/v2\/pages"}],"about":[{"href":"https:\/\/floripa.wordcamp.org\/2018\/wp-json\/wp\/v2\/types\/page"}],"author":[{"embeddable":true,"href":"https:\/\/floripa.wordcamp.org\/2018\/wp-json\/wp\/v2\/users\/13201568"}],"replies":[{"embeddable":true,"href":"https:\/\/floripa.wordcamp.org\/2018\/wp-json\/wp\/v2\/comments?post=10"}],"version-history":[{"count":6,"href":"https:\/\/floripa.wordcamp.org\/2018\/wp-json\/wp\/v2\/pages\/10\/revisions"}],"predecessor-version":[{"id":661,"href":"https:\/\/floripa.wordcamp.org\/2018\/wp-json\/wp\/v2\/pages\/10\/revisions\/661"}],"wp:attachment":[{"href":"https:\/\/floripa.wordcamp.org\/2018\/wp-json\/wp\/v2\/media?parent=10"}],"curies":[{"name":"wp","href":"https:\/\/api.w.org\/{rel}","templated":true}]}}